{"id":441,"date":"2017-02-23T16:54:20","date_gmt":"2017-02-23T21:54:20","guid":{"rendered":"http:\/\/www.chooseyourvoice.ca\/?page_id=441\/"},"modified":"2021-03-23T09:53:57","modified_gmt":"2021-03-23T13:53:57","slug":"nous-contacter","status":"publish","type":"page","link":"https:\/\/stage.chooseyourvoice.ca\/fr\/nous-contacter\/","title":{"rendered":"Nous contacter"},"content":{"rendered":"\n<h1 class=\"wp-block-heading\">Nous contacter<\/h1>\n\n\n<style>#kt-layout-id_9fe9a5-26 > .kt-row-column-wrap{align-content:start;}:where(#kt-layout-id_9fe9a5-26 > .kt-row-column-wrap) > .wp-block-kadence-column{justify-content:start;}#kt-layout-id_9fe9a5-26 > .kt-row-column-wrap{column-gap:var(--global-kb-gap-md, 2rem);row-gap:var(--global-kb-gap-md, 2rem);padding-top:var( --global-kb-row-default-top, 25px );padding-bottom:var( --global-kb-row-default-bottom, 25px );padding-top:0px;padding-bottom:0px;grid-template-columns:minmax(0, 1fr);}#kt-layout-id_9fe9a5-26 > .kt-row-layout-overlay{opacity:0.30;}@media all and (max-width: 1024px){#kt-layout-id_9fe9a5-26 > .kt-row-column-wrap{grid-template-columns:minmax(0, 1fr);}}@media all and (max-width: 767px){#kt-layout-id_9fe9a5-26 > .kt-row-column-wrap{grid-template-columns:minmax(0, 1fr);}}<\/style>\n<div class=\"wp-block-kadence-rowlayout alignnone\"><div id=\"kt-layout-id_9fe9a5-26\" class=\"kt-row-layout-inner kt-layout-id_9fe9a5-26\"><div class=\"kt-row-column-wrap kt-has-1-columns kt-gutter-default kt-v-gutter-default kt-row-valign-top kt-row-layout-equal kt-tab-layout-inherit kt-m-colapse-left-to-right kt-mobile-layout-row\"><style>.kadence-column_57dec3-fc > .kt-inside-inner-col{padding-top:20px;padding-bottom:20px;padding-left:20px;padding-right:20px;}.kadence-column_57dec3-fc > .kt-inside-inner-col{border-top-width:0px;border-right-width:0px;border-bottom-width:0px;border-left-width:0px;}.kadence-column_57dec3-fc > .kt-inside-inner-col,.kadence-column_57dec3-fc > .kt-inside-inner-col:before{border-top-left-radius:10px;border-top-right-radius:10px;border-bottom-right-radius:10px;border-bottom-left-radius:10px;}.kadence-column_57dec3-fc > .kt-inside-inner-col{column-gap:var(--global-kb-gap-sm, 1rem);}.kadence-column_57dec3-fc > .kt-inside-inner-col{flex-direction:column;}.kadence-column_57dec3-fc > .kt-inside-inner-col > .aligncenter{width:100%;}.kadence-column_57dec3-fc > .kt-inside-inner-col{background-color:#ffffff;}.kadence-column_57dec3-fc > .kt-inside-inner-col:before{opacity:0.3;}.kadence-column_57dec3-fc{position:relative;}@media all and (max-width: 1024px){.kadence-column_57dec3-fc > .kt-inside-inner-col{flex-direction:column;justify-content:center;}}@media all and (max-width: 767px){.kadence-column_57dec3-fc > .kt-inside-inner-col{flex-direction:column;justify-content:center;}}<\/style>\n<div class=\"wp-block-kadence-column inner-column-1 kadence-column_57dec3-fc\"><div class=\"kt-inside-inner-col\" style=\"background:rgba(255, 255, 255, 1)\">\n<div class=\"wp-block-columns is-layout-flex wp-container-core-columns-is-layout-9d6595d7 wp-block-columns-is-layout-flex\">\n<div class=\"wp-block-column is-layout-flow wp-block-column-is-layout-flow\">\n<h4 class=\"wp-block-heading\">Qu\u00e9bec&nbsp;<em>(<small>Please see the English websites for information on<br><a href=\"http:\/\/www.voicesintoaction.ca\/\" target=\"_blank\" rel=\"noreferrer noopener\">Voices Into Action<\/a> and <a href=\"http:\/\/www.chooseyourvoice.com\/\" target=\"_blank\" rel=\"noreferrer noopener\">Choose Your Voice<\/a><\/small>)<\/em><\/h4>\n\n\n\n<p>Daniel Amar<br>FAST Directeur des projets \u00e9ducatifs pour Qu\u00e9bec<br>Courriel : <a href=\"mailto:daniel.amar.ma@gmail.com\">daniel.amar.ma@gmail.com<\/a><br>T\u00e9l. : (514) 246-1990<\/p>\n\n\n\n<h4 class=\"wp-block-heading\">Ontario et Nunavut<\/h4>\n\n\n\n<p>Nicole Miller<br>Directrice g\u00e9n\u00e9rale de FAST<br>Courriel : <a href=\"mailto:nmiller@fastcyv.ca\">nmiller@fastcyv.ca<\/a><br>T\u00e9l. : (416) 916-8366<\/p>\n\n\n\n<h4 class=\"wp-block-heading\">Colombie-Britannique<\/h4>\n\n\n\n<p>Jodi Derkson<br>FAST Directrice des programmes \u00e9ducatifs C-B<br>Courriel : <a href=\"mailto:jderkson@fastcyv.ca\">jderkson@fastcyv.ca<\/a><br>T\u00e9l. : (604) 767-2139<\/p>\n<\/div>\n\n\n\n<div class=\"wp-block-column is-layout-flow wp-block-column-is-layout-flow\">\n<h4 class=\"wp-block-heading\">Alberta<\/h4>\n\n\n\n<p>Lisa Raber<br>FAST Directrice r\u00e9gionale AB<br>Courriel : <a href=\"mailto:lraber@fastcyv.ca\">lraber@fastcyv.ca<\/a><br>T\u00e9l. : (403) 998-5570<\/p>\n\n\n\n<h4 class=\"wp-block-heading\">Saskatchewan\/Manitoba<\/h4>\n\n\n\n<p>Larry Mikulcik<br>FAST Directeur des projets \u00e9ducatifs SK \/ MB<br>Courriel : <a href=\"mailto:lmikulcik@fastcyv.ca\">lmikulcik@fastcyv.ca<\/a><br>T\u00e9l. : (306) 221-5334<\/p>\n\n\n\n<h4 class=\"wp-block-heading\">Provinces atlantiques<\/h4>\n\n\n\n<p>Amanda Reddick<br>FAST coordinatrice des programmes \u00e9ducatifs \u2013 l\u2019Atlantique<br>Courriel : <a href=\"mailto:areddick@fastcyv.ca\">areddick@fastcyv.ca<br><\/a>T\u00e9l : (902) 441-8382<\/p>\n<\/div>\n<\/div>\n<\/div><\/div>\n<\/div><\/div><\/div>\n","protected":false},"excerpt":{"rendered":"<p>Nous contacter Qu\u00e9bec&nbsp;(Please see the English websites for information onVoices Into Action and Choose Your Voice) Daniel AmarFAST Directeur des projets \u00e9ducatifs pour Qu\u00e9becCourriel : daniel.amar.ma@gmail.comT\u00e9l. : (514) 246-1990 Ontario et Nunavut Nicole MillerDirectrice g\u00e9n\u00e9rale de FASTCourriel : nmiller@fastcyv.caT\u00e9l. : (416) 916-8366 Colombie-Britannique Jodi DerksonFAST Directrice des programmes \u00e9ducatifs C-BCourriel : jderkson@fastcyv.caT\u00e9l. : (604) 767-2139 [&hellip;]<\/p>\n","protected":false},"author":1,"featured_media":0,"parent":0,"menu_order":5,"comment_status":"closed","ping_status":"closed","template":"","meta":{"_acf_changed":false,"inline_featured_image":false,"_kad_blocks_custom_css":"","_kad_blocks_head_custom_js":"","_kad_blocks_body_custom_js":"","_kad_blocks_footer_custom_js":"","footnotes":""},"class_list":["post-441","page","type-page","status-publish","hentry"],"acf":[],"yoast_head":"<title>Nous contacter - Choisissez votre voix<\/title>\n<meta name=\"robots\" content=\"index, follow, max-snippet:-1, max-image-preview:large, max-video-preview:-1\" \/>\n<link rel=\"canonical\" href=\"https:\/\/stage.chooseyourvoice.ca\/fr\/nous-contacter\/\" \/>\n<meta property=\"og:locale\" content=\"fr_FR\" \/>\n<meta property=\"og:type\" content=\"article\" \/>\n<meta property=\"og:title\" content=\"Nous contacter - Choisissez votre voix\" \/>\n<meta property=\"og:description\" content=\"Nous contacter Qu\u00e9bec&nbsp;(Please see the English websites for information onVoices Into Action and Choose Your Voice) Daniel AmarFAST Directeur des projets \u00e9ducatifs pour Qu\u00e9becCourriel : daniel.amar.ma@gmail.comT\u00e9l. : (514) 246-1990 Ontario et Nunavut Nicole MillerDirectrice g\u00e9n\u00e9rale de FASTCourriel : nmiller@fastcyv.caT\u00e9l. : (416) 916-8366 Colombie-Britannique Jodi DerksonFAST Directrice des programmes \u00e9ducatifs C-BCourriel : jderkson@fastcyv.caT\u00e9l. : (604) 767-2139 [&hellip;]\" \/>\n<meta property=\"og:url\" content=\"https:\/\/stage.chooseyourvoice.ca\/fr\/nous-contacter\/\" \/>\n<meta property=\"og:site_name\" content=\"Choisissez votre voix\" \/>\n<meta property=\"article:modified_time\" content=\"2021-03-23T13:53:57+00:00\" \/>\n<meta name=\"twitter:card\" content=\"summary_large_image\" \/>\n<meta name=\"twitter:label1\" content=\"Dur\u00e9e de lecture estim\u00e9e\" \/>\n\t<meta name=\"twitter:data1\" content=\"1 minute\" \/>\n<script type=\"application\/ld+json\" class=\"yoast-schema-graph\">{\"@context\":\"https:\/\/schema.org\",\"@graph\":[{\"@type\":\"WebPage\",\"@id\":\"https:\/\/stage.chooseyourvoice.ca\/fr\/nous-contacter\/\",\"url\":\"https:\/\/stage.chooseyourvoice.ca\/fr\/nous-contacter\/\",\"name\":\"Nous contacter - Choisissez votre voix\",\"isPartOf\":{\"@id\":\"https:\/\/stage.chooseyourvoice.ca\/#website\"},\"datePublished\":\"2017-02-23T21:54:20+00:00\",\"dateModified\":\"2021-03-23T13:53:57+00:00\",\"breadcrumb\":{\"@id\":\"https:\/\/stage.chooseyourvoice.ca\/fr\/nous-contacter\/#breadcrumb\"},\"inLanguage\":\"fr-FR\",\"potentialAction\":[{\"@type\":\"ReadAction\",\"target\":[\"https:\/\/stage.chooseyourvoice.ca\/fr\/nous-contacter\/\"]}]},{\"@type\":\"BreadcrumbList\",\"@id\":\"https:\/\/stage.chooseyourvoice.ca\/fr\/nous-contacter\/#breadcrumb\",\"itemListElement\":[{\"@type\":\"ListItem\",\"position\":1,\"name\":\"Accueil\",\"item\":\"https:\/\/stage.chooseyourvoice.ca\/fr\/\"},{\"@type\":\"ListItem\",\"position\":2,\"name\":\"Nous contacter\"}]},{\"@type\":\"WebSite\",\"@id\":\"https:\/\/stage.chooseyourvoice.ca\/#website\",\"url\":\"https:\/\/stage.chooseyourvoice.ca\/\",\"name\":\"Choisissez votre voix\",\"description\":\"Finissons-en avec l\u2019antis\u00e9mitisme sans tarder\",\"potentialAction\":[{\"@type\":\"SearchAction\",\"target\":{\"@type\":\"EntryPoint\",\"urlTemplate\":\"https:\/\/stage.chooseyourvoice.ca\/?s={search_term_string}\"},\"query-input\":{\"@type\":\"PropertyValueSpecification\",\"valueRequired\":true,\"valueName\":\"search_term_string\"}}],\"inLanguage\":\"fr-FR\"}]}<\/script>","yoast_head_json":{"title":"Nous contacter - Choisissez votre voix","robots":{"index":"index","follow":"follow","max-snippet":"max-snippet:-1","max-image-preview":"max-image-preview:large","max-video-preview":"max-video-preview:-1"},"canonical":"https:\/\/stage.chooseyourvoice.ca\/fr\/nous-contacter\/","og_locale":"fr_FR","og_type":"article","og_title":"Nous contacter - Choisissez votre voix","og_description":"Nous contacter Qu\u00e9bec&nbsp;(Please see the English websites for information onVoices Into Action and Choose Your Voice) Daniel AmarFAST Directeur des projets \u00e9ducatifs pour Qu\u00e9becCourriel : daniel.amar.ma@gmail.comT\u00e9l. : (514) 246-1990 Ontario et Nunavut Nicole MillerDirectrice g\u00e9n\u00e9rale de FASTCourriel : nmiller@fastcyv.caT\u00e9l. : (416) 916-8366 Colombie-Britannique Jodi DerksonFAST Directrice des programmes \u00e9ducatifs C-BCourriel : jderkson@fastcyv.caT\u00e9l. : (604) 767-2139 [&hellip;]","og_url":"https:\/\/stage.chooseyourvoice.ca\/fr\/nous-contacter\/","og_site_name":"Choisissez votre voix","article_modified_time":"2021-03-23T13:53:57+00:00","twitter_card":"summary_large_image","twitter_misc":{"Dur\u00e9e de lecture estim\u00e9e":"1 minute"},"schema":{"@context":"https:\/\/schema.org","@graph":[{"@type":"WebPage","@id":"https:\/\/stage.chooseyourvoice.ca\/fr\/nous-contacter\/","url":"https:\/\/stage.chooseyourvoice.ca\/fr\/nous-contacter\/","name":"Nous contacter - Choisissez votre voix","isPartOf":{"@id":"https:\/\/stage.chooseyourvoice.ca\/#website"},"datePublished":"2017-02-23T21:54:20+00:00","dateModified":"2021-03-23T13:53:57+00:00","breadcrumb":{"@id":"https:\/\/stage.chooseyourvoice.ca\/fr\/nous-contacter\/#breadcrumb"},"inLanguage":"fr-FR","potentialAction":[{"@type":"ReadAction","target":["https:\/\/stage.chooseyourvoice.ca\/fr\/nous-contacter\/"]}]},{"@type":"BreadcrumbList","@id":"https:\/\/stage.chooseyourvoice.ca\/fr\/nous-contacter\/#breadcrumb","itemListElement":[{"@type":"ListItem","position":1,"name":"Accueil","item":"https:\/\/stage.chooseyourvoice.ca\/fr\/"},{"@type":"ListItem","position":2,"name":"Nous contacter"}]},{"@type":"WebSite","@id":"https:\/\/stage.chooseyourvoice.ca\/#website","url":"https:\/\/stage.chooseyourvoice.ca\/","name":"Choisissez votre voix","description":"Finissons-en avec l\u2019antis\u00e9mitisme sans tarder","potentialAction":[{"@type":"SearchAction","target":{"@type":"EntryPoint","urlTemplate":"https:\/\/stage.chooseyourvoice.ca\/?s={search_term_string}"},"query-input":{"@type":"PropertyValueSpecification","valueRequired":true,"valueName":"search_term_string"}}],"inLanguage":"fr-FR"}]}},"taxonomy_info":[],"featured_image_src_large":false,"author_info":{"display_name":"Alex Beckett","author_link":"https:\/\/stage.chooseyourvoice.ca\/fr\/author\/superadmin\/"},"comment_info":0,"_links":{"self":[{"href":"https:\/\/stage.chooseyourvoice.ca\/fr\/wp-json\/wp\/v2\/pages\/441","targetHints":{"allow":["GET"]}}],"collection":[{"href":"https:\/\/stage.chooseyourvoice.ca\/fr\/wp-json\/wp\/v2\/pages"}],"about":[{"href":"https:\/\/stage.chooseyourvoice.ca\/fr\/wp-json\/wp\/v2\/types\/page"}],"author":[{"embeddable":true,"href":"https:\/\/stage.chooseyourvoice.ca\/fr\/wp-json\/wp\/v2\/users\/1"}],"replies":[{"embeddable":true,"href":"https:\/\/stage.chooseyourvoice.ca\/fr\/wp-json\/wp\/v2\/comments?post=441"}],"version-history":[{"count":13,"href":"https:\/\/stage.chooseyourvoice.ca\/fr\/wp-json\/wp\/v2\/pages\/441\/revisions"}],"predecessor-version":[{"id":2761,"href":"https:\/\/stage.chooseyourvoice.ca\/fr\/wp-json\/wp\/v2\/pages\/441\/revisions\/2761"}],"wp:attachment":[{"href":"https:\/\/stage.chooseyourvoice.ca\/fr\/wp-json\/wp\/v2\/media?parent=441"}],"curies":[{"name":"wp","href":"https:\/\/api.w.org\/{rel}","templated":true}]}}